{"id":5359,"date":"2024-03-05T13:33:50","date_gmt":"2024-03-05T12:33:50","guid":{"rendered":"https:\/\/faq.testumgebung.digital\/pravni-upozorneni\/"},"modified":"2024-09-17T11:44:11","modified_gmt":"2024-09-17T10:44:11","slug":"pravni-upozorneni","status":"publish","type":"page","link":"https:\/\/faqdoc.info\/cs\/pravni-upozorneni\/","title":{"rendered":"Pr\u00e1vn\u00ed upozorn\u011bn\u00ed"},"content":{"rendered":"\n<p>M\u00f6hlenhoff GmbH<br>Museumstr. 54a<br>38229 Salzgitter<br>Telefon +49 53 41 \/ 8475-0<br>Fax +49 53 41 \/ 8475-999<\/p>\n\n\n\n<p>kontakt@moehlenhoff.de<br>www.moehlenhoff.de<\/p>\n\n\n\n<p>\u0158\u00edzen\u00ed:<br>Frank Geburek, Dipl.-Ing. (TH), gener\u00e1ln\u00ed \u0159editel<\/p>\n\n\n\n<p>Registra\u010dn\u00ed soud:  <br>M\u00edstn\u00ed soud Braunschweig, registra\u010dn\u00ed \u010d\u00edslo: HRB 6042<\/p>\n\n\n\n<p>Identifika\u010dn\u00ed \u010d\u00edslo pro da\u0148 z obratu podle \u00a7 27a z\u00e1kona o dani z obratu: DE116880420<\/p>\n\n\n\n<div style=\"height:50px\" aria-hidden=\"true\" class=\"wp-block-spacer\"><\/div>\n","protected":false},"excerpt":{"rendered":"<p>M\u00f6hlenhoff GmbHMuseumstr. 54a38229 SalzgitterTelefon +49 53 41 \/ 8475-0Fax +49 53 41 \/ 8475-999 kontakt@moehlenhoff.dewww.moehlenhoff.de \u0158\u00edzen\u00ed:Frank Geburek, Dipl.-Ing. (TH), gener\u00e1ln\u00ed \u0159editel Registra\u010dn\u00ed soud: M\u00edstn\u00ed soud Braunschweig, registra\u010dn\u00ed \u010d\u00edslo: HRB 6042 Identifika\u010dn\u00ed \u010d\u00edslo pro da\u0148 z obratu podle \u00a7 27a z\u00e1kona o dani z obratu: DE116880420<\/p>\n","protected":false},"author":1,"featured_media":0,"parent":0,"menu_order":0,"comment_status":"closed","ping_status":"closed","template":"","meta":{"inline_featured_image":false,"footnotes":""},"class_list":["post-5359","page","type-page","status-publish","hentry"],"_links":{"self":[{"href":"https:\/\/faqdoc.info\/cs\/wp-json\/wp\/v2\/pages\/5359","targetHints":{"allow":["GET"]}}],"collection":[{"href":"https:\/\/faqdoc.info\/cs\/wp-json\/wp\/v2\/pages"}],"about":[{"href":"https:\/\/faqdoc.info\/cs\/wp-json\/wp\/v2\/types\/page"}],"author":[{"embeddable":true,"href":"https:\/\/faqdoc.info\/cs\/wp-json\/wp\/v2\/users\/1"}],"replies":[{"embeddable":true,"href":"https:\/\/faqdoc.info\/cs\/wp-json\/wp\/v2\/comments?post=5359"}],"version-history":[{"count":2,"href":"https:\/\/faqdoc.info\/cs\/wp-json\/wp\/v2\/pages\/5359\/revisions"}],"predecessor-version":[{"id":8274,"href":"https:\/\/faqdoc.info\/cs\/wp-json\/wp\/v2\/pages\/5359\/revisions\/8274"}],"wp:attachment":[{"href":"https:\/\/faqdoc.info\/cs\/wp-json\/wp\/v2\/media?parent=5359"}],"curies":[{"name":"wp","href":"https:\/\/api.w.org\/{rel}","templated":true}]}}