{"id":5355,"date":"2024-03-05T13:33:50","date_gmt":"2024-03-05T12:33:50","guid":{"rendered":"https:\/\/faq.testumgebung.digital\/pie-de-imprenta\/"},"modified":"2024-09-17T11:47:15","modified_gmt":"2024-09-17T10:47:15","slug":"pie-de-imprenta","status":"publish","type":"page","link":"https:\/\/faqdoc.info\/es\/pie-de-imprenta\/","title":{"rendered":"Pie de imprenta"},"content":{"rendered":"\n<p>M\u00f6hlenhoff GmbH<br>Museumstr. 54a<br>38229 Salzgitter<br>Tel\u00e9fono +49 53 41 \/ 8475-0<br>Fax +49 53 41 \/ 8475-999<\/p>\n\n\n\n<p>kontakt@moehlenhoff.de<br>www.moehlenhoff.de<\/p>\n\n\n\n<p>Direcci\u00f3n:<br>Frank Geburek, Ingeniero Diplomado (TH), Director General<\/p>\n\n\n\n<p>Registre el tribunal:  <br>Juzgado de Primera Instancia de Braunschweig, n\u00famero de registro: HRB 6042<\/p>\n\n\n\n<p>N\u00famero de identificaci\u00f3n fiscal con arreglo al art\u00edculo 27 a de la Ley del impuesto sobre las ventas: DE116880420<\/p>\n\n\n\n<div style=\"height:50px\" aria-hidden=\"true\" class=\"wp-block-spacer\"><\/div>\n","protected":false},"excerpt":{"rendered":"<p>M\u00f6hlenhoff GmbHMuseumstr. 54a38229 SalzgitterTel\u00e9fono +49 53 41 \/ 8475-0Fax +49 53 41 \/ 8475-999 kontakt@moehlenhoff.dewww.moehlenhoff.de Direcci\u00f3n:Frank Geburek, Ingeniero Diplomado (TH), Director General Registre el tribunal: Juzgado de Primera Instancia de Braunschweig, n\u00famero de registro: HRB 6042 N\u00famero de identificaci\u00f3n fiscal con arreglo al art\u00edculo 27 a de la Ley del impuesto sobre las ventas: DE116880420<\/p>\n","protected":false},"author":1,"featured_media":0,"parent":0,"menu_order":0,"comment_status":"closed","ping_status":"closed","template":"","meta":{"inline_featured_image":false,"footnotes":""},"class_list":["post-5355","page","type-page","status-publish","hentry"],"_links":{"self":[{"href":"https:\/\/faqdoc.info\/es\/wp-json\/wp\/v2\/pages\/5355","targetHints":{"allow":["GET"]}}],"collection":[{"href":"https:\/\/faqdoc.info\/es\/wp-json\/wp\/v2\/pages"}],"about":[{"href":"https:\/\/faqdoc.info\/es\/wp-json\/wp\/v2\/types\/page"}],"author":[{"embeddable":true,"href":"https:\/\/faqdoc.info\/es\/wp-json\/wp\/v2\/users\/1"}],"replies":[{"embeddable":true,"href":"https:\/\/faqdoc.info\/es\/wp-json\/wp\/v2\/comments?post=5355"}],"version-history":[{"count":2,"href":"https:\/\/faqdoc.info\/es\/wp-json\/wp\/v2\/pages\/5355\/revisions"}],"predecessor-version":[{"id":8288,"href":"https:\/\/faqdoc.info\/es\/wp-json\/wp\/v2\/pages\/5355\/revisions\/8288"}],"wp:attachment":[{"href":"https:\/\/faqdoc.info\/es\/wp-json\/wp\/v2\/media?parent=5355"}],"curies":[{"name":"wp","href":"https:\/\/api.w.org\/{rel}","templated":true}]}}