{"id":5341,"date":"2024-03-05T13:33:50","date_gmt":"2024-03-05T12:33:50","guid":{"rendered":"https:\/\/faq.testumgebung.digital\/juriidiline-teatis\/"},"modified":"2024-09-17T11:44:40","modified_gmt":"2024-09-17T10:44:40","slug":"juriidiline-teatis","status":"publish","type":"page","link":"https:\/\/faqdoc.info\/et\/juriidiline-teatis\/","title":{"rendered":"Juriidiline teatis"},"content":{"rendered":"\n<p>M\u00f6hlenhoff GmbH<br>Museumstr. 54a<br>38229 Salzgitter<br>Telefon +49 53 41 \/ 8475-0<br>Faks: +49 53 41 \/ 8475-999<\/p>\n\n\n\n<p>kontakt@moehlenhoff.de<br>www.moehlenhoff.de<\/p>\n\n\n\n<p>Juhtimine:<br>Frank Geburek, Dipl.-Ing. (TH), tegevdirektor<\/p>\n\n\n\n<p>Registreerimiskohus: <br>Braunschweigi kohalik kohus, registrinumber: HRB 6042<\/p>\n\n\n\n<p>M\u00fc\u00fcgimaksu identifitseerimisnumber vastavalt m\u00fc\u00fcgimaksu seaduse \u00a7 27 a: DE116880420.<\/p>\n\n\n\n<div style=\"height:50px\" aria-hidden=\"true\" class=\"wp-block-spacer\"><\/div>\n","protected":false},"excerpt":{"rendered":"<p>M\u00f6hlenhoff GmbHMuseumstr. 54a38229 SalzgitterTelefon +49 53 41 \/ 8475-0Faks: +49 53 41 \/ 8475-999 kontakt@moehlenhoff.dewww.moehlenhoff.de Juhtimine:Frank Geburek, Dipl.-Ing. (TH), tegevdirektor Registreerimiskohus: Braunschweigi kohalik kohus, registrinumber: HRB 6042 M\u00fc\u00fcgimaksu identifitseerimisnumber vastavalt m\u00fc\u00fcgimaksu seaduse \u00a7 27 a: DE116880420.<\/p>\n","protected":false},"author":1,"featured_media":0,"parent":0,"menu_order":0,"comment_status":"closed","ping_status":"closed","template":"","meta":{"inline_featured_image":false,"footnotes":""},"class_list":["post-5341","page","type-page","status-publish","hentry"],"_links":{"self":[{"href":"https:\/\/faqdoc.info\/et\/wp-json\/wp\/v2\/pages\/5341","targetHints":{"allow":["GET"]}}],"collection":[{"href":"https:\/\/faqdoc.info\/et\/wp-json\/wp\/v2\/pages"}],"about":[{"href":"https:\/\/faqdoc.info\/et\/wp-json\/wp\/v2\/types\/page"}],"author":[{"embeddable":true,"href":"https:\/\/faqdoc.info\/et\/wp-json\/wp\/v2\/users\/1"}],"replies":[{"embeddable":true,"href":"https:\/\/faqdoc.info\/et\/wp-json\/wp\/v2\/comments?post=5341"}],"version-history":[{"count":2,"href":"https:\/\/faqdoc.info\/et\/wp-json\/wp\/v2\/pages\/5341\/revisions"}],"predecessor-version":[{"id":8277,"href":"https:\/\/faqdoc.info\/et\/wp-json\/wp\/v2\/pages\/5341\/revisions\/8277"}],"wp:attachment":[{"href":"https:\/\/faqdoc.info\/et\/wp-json\/wp\/v2\/media?parent=5341"}],"curies":[{"name":"wp","href":"https:\/\/api.w.org\/{rel}","templated":true}]}}