{"id":5353,"date":"2024-03-05T13:33:50","date_gmt":"2024-03-05T12:33:50","guid":{"rendered":"https:\/\/faq.testumgebung.digital\/jaelki\/"},"modified":"2024-09-17T11:44:53","modified_gmt":"2024-09-17T10:44:53","slug":"jaelki","status":"publish","type":"page","link":"https:\/\/faqdoc.info\/fi\/jaelki\/","title":{"rendered":"J\u00e4lki"},"content":{"rendered":"\n<p>M\u00f6hlenhoff GmbH<br>Museumstr. 54a<br>38229 Salzgitter<br>Puhelin +49 53 41 \/ 8475-0<br>Faksi +49 53 41 \/ 8475-999<\/p>\n\n\n\n<p>kontakt@moehlenhoff.de<br>www.moehlenhoff.de<\/p>\n\n\n\n<p>Johto:<br>Frank Geburek, Dipl.-Ing. (TH), toimitusjohtaja<\/p>\n\n\n\n<p>Rekister\u00f6i tuomioistuin:  <br>Braunschweigin k\u00e4r\u00e4j\u00e4oikeus, rekisterinumero: HRB 6042.<\/p>\n\n\n\n<p>Myyntiverolain 27 a \u00a7:n mukainen liikevaihtoverotunniste: DE116880420.<\/p>\n\n\n\n<div style=\"height:50px\" aria-hidden=\"true\" class=\"wp-block-spacer\"><\/div>\n","protected":false},"excerpt":{"rendered":"<p>M\u00f6hlenhoff GmbHMuseumstr. 54a38229 SalzgitterPuhelin +49 53 41 \/ 8475-0Faksi +49 53 41 \/ 8475-999 kontakt@moehlenhoff.dewww.moehlenhoff.de Johto:Frank Geburek, Dipl.-Ing. (TH), toimitusjohtaja Rekister\u00f6i tuomioistuin: Braunschweigin k\u00e4r\u00e4j\u00e4oikeus, rekisterinumero: HRB 6042. Myyntiverolain 27 a \u00a7:n mukainen liikevaihtoverotunniste: DE116880420.<\/p>\n","protected":false},"author":1,"featured_media":0,"parent":0,"menu_order":0,"comment_status":"closed","ping_status":"closed","template":"","meta":{"inline_featured_image":false,"footnotes":""},"class_list":["post-5353","page","type-page","status-publish","hentry"],"_links":{"self":[{"href":"https:\/\/faqdoc.info\/fi\/wp-json\/wp\/v2\/pages\/5353","targetHints":{"allow":["GET"]}}],"collection":[{"href":"https:\/\/faqdoc.info\/fi\/wp-json\/wp\/v2\/pages"}],"about":[{"href":"https:\/\/faqdoc.info\/fi\/wp-json\/wp\/v2\/types\/page"}],"author":[{"embeddable":true,"href":"https:\/\/faqdoc.info\/fi\/wp-json\/wp\/v2\/users\/1"}],"replies":[{"embeddable":true,"href":"https:\/\/faqdoc.info\/fi\/wp-json\/wp\/v2\/comments?post=5353"}],"version-history":[{"count":4,"href":"https:\/\/faqdoc.info\/fi\/wp-json\/wp\/v2\/pages\/5353\/revisions"}],"predecessor-version":[{"id":8278,"href":"https:\/\/faqdoc.info\/fi\/wp-json\/wp\/v2\/pages\/5353\/revisions\/8278"}],"wp:attachment":[{"href":"https:\/\/faqdoc.info\/fi\/wp-json\/wp\/v2\/media?parent=5353"}],"curies":[{"name":"wp","href":"https:\/\/api.w.org\/{rel}","templated":true}]}}