{"id":5351,"date":"2024-03-05T13:33:50","date_gmt":"2024-03-05T12:33:50","guid":{"rendered":"https:\/\/faq.testumgebung.digital\/mentions-legales\/"},"modified":"2024-09-17T11:45:06","modified_gmt":"2024-09-17T10:45:06","slug":"mentions-legales","status":"publish","type":"page","link":"https:\/\/faqdoc.info\/fr\/mentions-legales\/","title":{"rendered":"Mentions l\u00e9gales"},"content":{"rendered":"\n<p>M\u00f6hlenhoff GmbH<br>Museumstr. 54a<br>38229 Salzgitter<br>T\u00e9l\u00e9phone +49 53 41 \/ 8475-0<br>T\u00e9l\u00e9copieur +49 53 41 \/ 8475-999<\/p>\n\n\n\n<p>kontakt@moehlenhoff.de<br>www.moehlenhoff.de<\/p>\n\n\n\n<p>Direction de l&rsquo;entreprise :<br>Frank Geburek, Ing\u00e9nieur dipl\u00f4m\u00e9 (TH), Directeur g\u00e9n\u00e9ral<\/p>\n\n\n\n<p>Tribunal d&rsquo;enregistrement :  <br>Tribunal d&rsquo;instance de Braunschweig, num\u00e9ro d&rsquo;enregistrement : HRB 6042<\/p>\n\n\n\n<p>Num\u00e9ro d&rsquo;identification de la taxe sur le chiffre d&rsquo;affaires conform\u00e9ment au \u00a7 27 a de la loi sur la taxe sur le chiffre d&rsquo;affaires : DE116880420<\/p>\n\n\n\n<div style=\"height:50px\" aria-hidden=\"true\" class=\"wp-block-spacer\"><\/div>\n","protected":false},"excerpt":{"rendered":"<p>M\u00f6hlenhoff GmbHMuseumstr. 54a38229 SalzgitterT\u00e9l\u00e9phone +49 53 41 \/ 8475-0T\u00e9l\u00e9copieur +49 53 41 \/ 8475-999 kontakt@moehlenhoff.dewww.moehlenhoff.de Direction de l&rsquo;entreprise :Frank Geburek, Ing\u00e9nieur dipl\u00f4m\u00e9 (TH), Directeur g\u00e9n\u00e9ral Tribunal d&rsquo;enregistrement : Tribunal d&rsquo;instance de Braunschweig, num\u00e9ro d&rsquo;enregistrement : HRB 6042 Num\u00e9ro d&rsquo;identification de la taxe sur le chiffre d&rsquo;affaires conform\u00e9ment au \u00a7 27 a de la loi sur [&hellip;]<\/p>\n","protected":false},"author":1,"featured_media":0,"parent":0,"menu_order":0,"comment_status":"closed","ping_status":"closed","template":"","meta":{"inline_featured_image":false,"footnotes":""},"class_list":["post-5351","page","type-page","status-publish","hentry"],"_links":{"self":[{"href":"https:\/\/faqdoc.info\/fr\/wp-json\/wp\/v2\/pages\/5351","targetHints":{"allow":["GET"]}}],"collection":[{"href":"https:\/\/faqdoc.info\/fr\/wp-json\/wp\/v2\/pages"}],"about":[{"href":"https:\/\/faqdoc.info\/fr\/wp-json\/wp\/v2\/types\/page"}],"author":[{"embeddable":true,"href":"https:\/\/faqdoc.info\/fr\/wp-json\/wp\/v2\/users\/1"}],"replies":[{"embeddable":true,"href":"https:\/\/faqdoc.info\/fr\/wp-json\/wp\/v2\/comments?post=5351"}],"version-history":[{"count":4,"href":"https:\/\/faqdoc.info\/fr\/wp-json\/wp\/v2\/pages\/5351\/revisions"}],"predecessor-version":[{"id":8279,"href":"https:\/\/faqdoc.info\/fr\/wp-json\/wp\/v2\/pages\/5351\/revisions\/8279"}],"wp:attachment":[{"href":"https:\/\/faqdoc.info\/fr\/wp-json\/wp\/v2\/media?parent=5351"}],"curies":[{"name":"wp","href":"https:\/\/api.w.org\/{rel}","templated":true}]}}