{"id":5337,"date":"2024-03-05T13:33:50","date_gmt":"2024-03-05T12:33:50","guid":{"rendered":"https:\/\/faq.testumgebung.digital\/jogi-koezlemeny\/"},"modified":"2024-09-17T11:45:51","modified_gmt":"2024-09-17T10:45:51","slug":"jogi-koezlemeny","status":"publish","type":"page","link":"https:\/\/faqdoc.info\/hu\/jogi-koezlemeny\/","title":{"rendered":"Jogi k\u00f6zlem\u00e9ny"},"content":{"rendered":"\n<p>M\u00f6hlenhoff GmbH<br>Museumstr. 54a<br>38229 Salzgitter<br>Telefon +49 53 41 \/ 8475-0<br>Telefax +49 53 41 \/ 8475-999<\/p>\n\n\n\n<p>kontakt@moehlenhoff.de<br>www.moehlenhoff.de<\/p>\n\n\n\n<p>Igazgat\u00f3s\u00e1g:<br>Frank Geburek, Dipl.-Ing. (TH), \u00fcgyvezet\u0151 igazgat\u00f3<\/p>\n\n\n\n<p>Regisztr\u00e1ci\u00f3s b\u00edr\u00f3s\u00e1g: <br>Braunschweig, N\u00e9metorsz\u00e1g Nyilv\u00e1ntart\u00e1si sz\u00e1m: HRB 6042<\/p>\n\n\n\n<p>H\u00c9A-azonos\u00edt\u00f3sz\u00e1m a H\u00c9A-t\u00f6rv\u00e9ny (Umsatzsteuergesetz) 27. \u00a7-a szerint N\u00e9metorsz\u00e1g: DE116880420<\/p>\n\n\n\n<div style=\"height:50px\" aria-hidden=\"true\" class=\"wp-block-spacer\"><\/div>\n","protected":false},"excerpt":{"rendered":"<p>M\u00f6hlenhoff GmbHMuseumstr. 54a38229 SalzgitterTelefon +49 53 41 \/ 8475-0Telefax +49 53 41 \/ 8475-999 kontakt@moehlenhoff.dewww.moehlenhoff.de Igazgat\u00f3s\u00e1g:Frank Geburek, Dipl.-Ing. (TH), \u00fcgyvezet\u0151 igazgat\u00f3 Regisztr\u00e1ci\u00f3s b\u00edr\u00f3s\u00e1g: Braunschweig, N\u00e9metorsz\u00e1g Nyilv\u00e1ntart\u00e1si sz\u00e1m: HRB 6042 H\u00c9A-azonos\u00edt\u00f3sz\u00e1m a H\u00c9A-t\u00f6rv\u00e9ny (Umsatzsteuergesetz) 27. \u00a7-a szerint N\u00e9metorsz\u00e1g: DE116880420<\/p>\n","protected":false},"author":1,"featured_media":0,"parent":0,"menu_order":0,"comment_status":"closed","ping_status":"closed","template":"","meta":{"inline_featured_image":false,"footnotes":""},"class_list":["post-5337","page","type-page","status-publish","hentry"],"_links":{"self":[{"href":"https:\/\/faqdoc.info\/hu\/wp-json\/wp\/v2\/pages\/5337","targetHints":{"allow":["GET"]}}],"collection":[{"href":"https:\/\/faqdoc.info\/hu\/wp-json\/wp\/v2\/pages"}],"about":[{"href":"https:\/\/faqdoc.info\/hu\/wp-json\/wp\/v2\/types\/page"}],"author":[{"embeddable":true,"href":"https:\/\/faqdoc.info\/hu\/wp-json\/wp\/v2\/users\/1"}],"replies":[{"embeddable":true,"href":"https:\/\/faqdoc.info\/hu\/wp-json\/wp\/v2\/comments?post=5337"}],"version-history":[{"count":4,"href":"https:\/\/faqdoc.info\/hu\/wp-json\/wp\/v2\/pages\/5337\/revisions"}],"predecessor-version":[{"id":8282,"href":"https:\/\/faqdoc.info\/hu\/wp-json\/wp\/v2\/pages\/5337\/revisions\/8282"}],"wp:attachment":[{"href":"https:\/\/faqdoc.info\/hu\/wp-json\/wp\/v2\/media?parent=5337"}],"curies":[{"name":"wp","href":"https:\/\/api.w.org\/{rel}","templated":true}]}}