{"id":5333,"date":"2024-03-05T13:33:50","date_gmt":"2024-03-05T12:33:50","guid":{"rendered":"https:\/\/faq.testumgebung.digital\/juridiskais-pazinojums\/"},"modified":"2024-09-17T11:46:28","modified_gmt":"2024-09-17T10:46:28","slug":"juridiskais-pazinojums","status":"publish","type":"page","link":"https:\/\/faqdoc.info\/lv\/juridiskais-pazinojums\/","title":{"rendered":"Juridiskais pazi\u0146ojums"},"content":{"rendered":"\n<p>M\u00f6hlenhoff GmbH<br>Museumstr. 54a<br>38229 Salzgitter<br>T\u0101lrunis +49 53 41 \/ 8475-0<br>Fakss +49 53 41 \/ 8475-999<\/p>\n\n\n\n<p>kontakt@moehlenhoff.de<br>www.moehlenhoff.de<\/p>\n\n\n\n<p>Valde:<br>Frank Geburek, Dipl.-Ing. (TH), r\u012bkot\u0101jdirektors<\/p>\n\n\n\n<p>Re\u0123istr\u0101cijas tiesa: <br>Amtsgericht (Viet\u0113j\u0101 tiesa) Brunsvika, V\u0101cija Re\u0123istr\u0101cijas numurs: HRB 6042<\/p>\n\n\n\n<p>PVN identifik\u0101cijas numurs saska\u0146\u0101 ar PVN likuma (Umsatzsteuergesetz) 27.a pantu V\u0101cija: DE116880420<\/p>\n\n\n\n<div style=\"height:50px\" aria-hidden=\"true\" class=\"wp-block-spacer\"><\/div>\n","protected":false},"excerpt":{"rendered":"<p>M\u00f6hlenhoff GmbHMuseumstr. 54a38229 SalzgitterT\u0101lrunis +49 53 41 \/ 8475-0Fakss +49 53 41 \/ 8475-999 kontakt@moehlenhoff.dewww.moehlenhoff.de Valde:Frank Geburek, Dipl.-Ing. (TH), r\u012bkot\u0101jdirektors Re\u0123istr\u0101cijas tiesa: Amtsgericht (Viet\u0113j\u0101 tiesa) Brunsvika, V\u0101cija Re\u0123istr\u0101cijas numurs: HRB 6042 PVN identifik\u0101cijas numurs saska\u0146\u0101 ar PVN likuma (Umsatzsteuergesetz) 27.a pantu V\u0101cija: DE116880420<\/p>\n","protected":false},"author":1,"featured_media":0,"parent":0,"menu_order":0,"comment_status":"closed","ping_status":"closed","template":"","meta":{"inline_featured_image":false,"footnotes":""},"class_list":["post-5333","page","type-page","status-publish","hentry"],"_links":{"self":[{"href":"https:\/\/faqdoc.info\/lv\/wp-json\/wp\/v2\/pages\/5333","targetHints":{"allow":["GET"]}}],"collection":[{"href":"https:\/\/faqdoc.info\/lv\/wp-json\/wp\/v2\/pages"}],"about":[{"href":"https:\/\/faqdoc.info\/lv\/wp-json\/wp\/v2\/types\/page"}],"author":[{"embeddable":true,"href":"https:\/\/faqdoc.info\/lv\/wp-json\/wp\/v2\/users\/1"}],"replies":[{"embeddable":true,"href":"https:\/\/faqdoc.info\/lv\/wp-json\/wp\/v2\/comments?post=5333"}],"version-history":[{"count":2,"href":"https:\/\/faqdoc.info\/lv\/wp-json\/wp\/v2\/pages\/5333\/revisions"}],"predecessor-version":[{"id":8284,"href":"https:\/\/faqdoc.info\/lv\/wp-json\/wp\/v2\/pages\/5333\/revisions\/8284"}],"wp:attachment":[{"href":"https:\/\/faqdoc.info\/lv\/wp-json\/wp\/v2\/media?parent=5333"}],"curies":[{"name":"wp","href":"https:\/\/api.w.org\/{rel}","templated":true}]}}