{"id":5331,"date":"2024-03-05T13:33:50","date_gmt":"2024-03-05T12:33:50","guid":{"rendered":"https:\/\/faq.testumgebung.digital\/nadruk\/"},"modified":"2024-09-17T11:46:40","modified_gmt":"2024-09-17T10:46:40","slug":"nadruk","status":"publish","type":"page","link":"https:\/\/faqdoc.info\/pl\/nadruk\/","title":{"rendered":"Nadruk"},"content":{"rendered":"\n<p>M\u00f6hlenhoff GmbH<br>Museumstr. 54a<br>38229 Salzgitter<br>Telefon +49 53 41 \/ 8475-0<br>Telefax +49 53 41 \/ 8475-999<\/p>\n\n\n\n<p>kontakt@moehlenhoff.de<br>www.moehlenhoff.de<\/p>\n\n\n\n<p>Zarz\u0105d:<br>Frank Geburek, Dipl.-Ing. (TH), Dyrektor Zarz\u0105dzaj\u0105cy<\/p>\n\n\n\n<p>S\u0105d rejestrowy: <br>s\u0105d rejonowy w Brunszwiku Numer rejestru: HRB 6042<\/p>\n\n\n\n<p>Numer identyfikacyjny podatku obrotowego Zgodnie z \u00a7 27 a ustawy o podatku obrotowym: DE116880420<\/p>\n\n\n\n<div style=\"height:50px\" aria-hidden=\"true\" class=\"wp-block-spacer\"><\/div>\n","protected":false},"excerpt":{"rendered":"<p>M\u00f6hlenhoff GmbHMuseumstr. 54a38229 SalzgitterTelefon +49 53 41 \/ 8475-0Telefax +49 53 41 \/ 8475-999 kontakt@moehlenhoff.dewww.moehlenhoff.de Zarz\u0105d:Frank Geburek, Dipl.-Ing. (TH), Dyrektor Zarz\u0105dzaj\u0105cy S\u0105d rejestrowy: s\u0105d rejonowy w Brunszwiku Numer rejestru: HRB 6042 Numer identyfikacyjny podatku obrotowego Zgodnie z \u00a7 27 a ustawy o podatku obrotowym: DE116880420<\/p>\n","protected":false},"author":1,"featured_media":0,"parent":0,"menu_order":0,"comment_status":"closed","ping_status":"closed","template":"","meta":{"inline_featured_image":false,"footnotes":""},"class_list":["post-5331","page","type-page","status-publish","hentry"],"_links":{"self":[{"href":"https:\/\/faqdoc.info\/pl\/wp-json\/wp\/v2\/pages\/5331","targetHints":{"allow":["GET"]}}],"collection":[{"href":"https:\/\/faqdoc.info\/pl\/wp-json\/wp\/v2\/pages"}],"about":[{"href":"https:\/\/faqdoc.info\/pl\/wp-json\/wp\/v2\/types\/page"}],"author":[{"embeddable":true,"href":"https:\/\/faqdoc.info\/pl\/wp-json\/wp\/v2\/users\/1"}],"replies":[{"embeddable":true,"href":"https:\/\/faqdoc.info\/pl\/wp-json\/wp\/v2\/comments?post=5331"}],"version-history":[{"count":2,"href":"https:\/\/faqdoc.info\/pl\/wp-json\/wp\/v2\/pages\/5331\/revisions"}],"predecessor-version":[{"id":8285,"href":"https:\/\/faqdoc.info\/pl\/wp-json\/wp\/v2\/pages\/5331\/revisions\/8285"}],"wp:attachment":[{"href":"https:\/\/faqdoc.info\/pl\/wp-json\/wp\/v2\/media?parent=5331"}],"curies":[{"name":"wp","href":"https:\/\/api.w.org\/{rel}","templated":true}]}}