{"id":5327,"date":"2024-03-05T13:33:50","date_gmt":"2024-03-05T12:33:50","guid":{"rendered":"https:\/\/faq.testumgebung.digital\/aviz-juridic\/"},"modified":"2024-09-17T11:47:40","modified_gmt":"2024-09-17T10:47:40","slug":"aviz-juridic","status":"publish","type":"page","link":"https:\/\/faqdoc.info\/ro\/aviz-juridic\/","title":{"rendered":"Aviz juridic"},"content":{"rendered":"\n<p>M\u00f6hlenhoff GmbH<br>Museumstr. 54a<br>38229 Salzgitter<br>Telefon +49 53 41 \/ 8475-0<br>Telefax +49 53 41 \/ 8475-999<\/p>\n\n\n\n<p>kontakt@moehlenhoff.de<br>www.moehlenhoff.de<\/p>\n\n\n\n<p>Management:<br>Frank Geburek, Dipl.-Ing. (TH), director general<\/p>\n\n\n\n<p>Instan\u021ba de \u00eenregistrare: <br>Amtsgericht (tribunal local) Brunswick, Germania Num\u0103r de \u00eenregistrare: HRB 6042<\/p>\n\n\n\n<p>Num\u0103rul de identificare TVA \u00een conformitate cu \u00a7 27 a din Legea privind TVA (Umsatzsteuergesetz) Germania: DE11688080420<\/p>\n\n\n\n<div style=\"height:50px\" aria-hidden=\"true\" class=\"wp-block-spacer\"><\/div>\n","protected":false},"excerpt":{"rendered":"<p>M\u00f6hlenhoff GmbHMuseumstr. 54a38229 SalzgitterTelefon +49 53 41 \/ 8475-0Telefax +49 53 41 \/ 8475-999 kontakt@moehlenhoff.dewww.moehlenhoff.de Management:Frank Geburek, Dipl.-Ing. (TH), director general Instan\u021ba de \u00eenregistrare: Amtsgericht (tribunal local) Brunswick, Germania Num\u0103r de \u00eenregistrare: HRB 6042 Num\u0103rul de identificare TVA \u00een conformitate cu \u00a7 27 a din Legea privind TVA (Umsatzsteuergesetz) Germania: DE11688080420<\/p>\n","protected":false},"author":1,"featured_media":0,"parent":0,"menu_order":0,"comment_status":"closed","ping_status":"closed","template":"","meta":{"inline_featured_image":false,"footnotes":""},"class_list":["post-5327","page","type-page","status-publish","hentry"],"_links":{"self":[{"href":"https:\/\/faqdoc.info\/ro\/wp-json\/wp\/v2\/pages\/5327","targetHints":{"allow":["GET"]}}],"collection":[{"href":"https:\/\/faqdoc.info\/ro\/wp-json\/wp\/v2\/pages"}],"about":[{"href":"https:\/\/faqdoc.info\/ro\/wp-json\/wp\/v2\/types\/page"}],"author":[{"embeddable":true,"href":"https:\/\/faqdoc.info\/ro\/wp-json\/wp\/v2\/users\/1"}],"replies":[{"embeddable":true,"href":"https:\/\/faqdoc.info\/ro\/wp-json\/wp\/v2\/comments?post=5327"}],"version-history":[{"count":2,"href":"https:\/\/faqdoc.info\/ro\/wp-json\/wp\/v2\/pages\/5327\/revisions"}],"predecessor-version":[{"id":8290,"href":"https:\/\/faqdoc.info\/ro\/wp-json\/wp\/v2\/pages\/5327\/revisions\/8290"}],"wp:attachment":[{"href":"https:\/\/faqdoc.info\/ro\/wp-json\/wp\/v2\/media?parent=5327"}],"curies":[{"name":"wp","href":"https:\/\/api.w.org\/{rel}","templated":true}]}}