{"id":5536,"date":"2024-03-05T13:33:50","date_gmt":"2024-03-05T12:33:50","guid":{"rendered":"https:\/\/faq.testumgebung.digital\/pravno-obvestilo\/"},"modified":"2024-09-17T11:47:25","modified_gmt":"2024-09-17T10:47:25","slug":"pravno-obvestilo","status":"publish","type":"page","link":"https:\/\/faqdoc.info\/sl\/pravno-obvestilo\/","title":{"rendered":"Pravno obvestilo"},"content":{"rendered":"\n<p>M\u00f6hlenhoff GmbH<br>Museumstr. 54a<br>38229 Salzgitter<br>Telefon +49 53 41 \/ 8475-0<br>Faks +49 53 41 \/ 8475-999<\/p>\n\n\n\n<p>kontakt@moehlenhoff.de<br>www.moehlenhoff.de<\/p>\n\n\n\n<p>Upravni odbor:<br>Frank Geburek, dipl.in\u017e. (TH), generalni direktor<\/p>\n\n\n\n<p>Registracijsko sodi\u0161\u010de: <br>Amtsgericht (krajevno sodi\u0161\u010de) Brunswick, Nem\u010dija Registracijska \u0161tevilka: HRB 6042<\/p>\n\n\n\n<p>Identifikacijska \u0161tevilka za DDV v skladu s \u00a7 27 a zakona o DDV (Umsatzsteuergesetz) Nem\u010dija: DE116880420<\/p>\n\n\n\n<div style=\"height:50px\" aria-hidden=\"true\" class=\"wp-block-spacer\"><\/div>\n","protected":false},"excerpt":{"rendered":"<p>M\u00f6hlenhoff GmbHMuseumstr. 54a38229 SalzgitterTelefon +49 53 41 \/ 8475-0Faks +49 53 41 \/ 8475-999 kontakt@moehlenhoff.dewww.moehlenhoff.de Upravni odbor:Frank Geburek, dipl.in\u017e. (TH), generalni direktor Registracijsko sodi\u0161\u010de: Amtsgericht (krajevno sodi\u0161\u010de) Brunswick, Nem\u010dija Registracijska \u0161tevilka: HRB 6042 Identifikacijska \u0161tevilka za DDV v skladu s \u00a7 27 a zakona o DDV (Umsatzsteuergesetz) Nem\u010dija: DE116880420<\/p>\n","protected":false},"author":1,"featured_media":0,"parent":0,"menu_order":0,"comment_status":"closed","ping_status":"closed","template":"","meta":{"inline_featured_image":false,"footnotes":""},"class_list":["post-5536","page","type-page","status-publish","hentry"],"_links":{"self":[{"href":"https:\/\/faqdoc.info\/sl\/wp-json\/wp\/v2\/pages\/5536","targetHints":{"allow":["GET"]}}],"collection":[{"href":"https:\/\/faqdoc.info\/sl\/wp-json\/wp\/v2\/pages"}],"about":[{"href":"https:\/\/faqdoc.info\/sl\/wp-json\/wp\/v2\/types\/page"}],"author":[{"embeddable":true,"href":"https:\/\/faqdoc.info\/sl\/wp-json\/wp\/v2\/users\/1"}],"replies":[{"embeddable":true,"href":"https:\/\/faqdoc.info\/sl\/wp-json\/wp\/v2\/comments?post=5536"}],"version-history":[{"count":2,"href":"https:\/\/faqdoc.info\/sl\/wp-json\/wp\/v2\/pages\/5536\/revisions"}],"predecessor-version":[{"id":8289,"href":"https:\/\/faqdoc.info\/sl\/wp-json\/wp\/v2\/pages\/5536\/revisions\/8289"}],"wp:attachment":[{"href":"https:\/\/faqdoc.info\/sl\/wp-json\/wp\/v2\/media?parent=5536"}],"curies":[{"name":"wp","href":"https:\/\/api.w.org\/{rel}","templated":true}]}}