{"id":5339,"date":"2024-03-05T13:33:50","date_gmt":"2024-03-05T12:33:50","guid":{"rendered":"https:\/\/faq.testumgebung.digital\/kuenye-yasal-uyari\/"},"modified":"2024-09-17T11:46:51","modified_gmt":"2024-09-17T10:46:51","slug":"kuenye-yasal-uyari","status":"publish","type":"page","link":"https:\/\/faqdoc.info\/tr\/kuenye-yasal-uyari\/","title":{"rendered":"K\u00fcnye (Yasal Uyar\u0131)"},"content":{"rendered":"\n<p>M\u00f6hlenhoff GmbH<br>Museumstr. 54a<br>38229 Salzgitter<br>Telefon +49 53 41 \/ 8475-0<br>Faks +49 53 41 \/ 8475-999<\/p>\n\n\n\n<p>kontakt@moehlenhoff.de<br>www.moehlenhoff.de<\/p>\n\n\n\n<p>Y\u00f6netim Kurulu:<br>Frank Geburek, Dipl.-Ing. (TH), Genel M\u00fcd\u00fcr<\/p>\n\n\n\n<p>Kay\u0131t mahkemesi: <br>Braunschweig Yerel Mahkemesi Kay\u0131t numaras\u0131: HRB 6042<\/p>\n\n\n\n<p>Sat\u0131\u015f vergisi kimlik numaras\u0131 ciro vergisi kanununun 27 a maddesine g\u00f6re: DE116880420<\/p>\n\n\n\n<div style=\"height:50px\" aria-hidden=\"true\" class=\"wp-block-spacer\"><\/div>\n","protected":false},"excerpt":{"rendered":"<p>M\u00f6hlenhoff GmbHMuseumstr. 54a38229 SalzgitterTelefon +49 53 41 \/ 8475-0Faks +49 53 41 \/ 8475-999 kontakt@moehlenhoff.dewww.moehlenhoff.de Y\u00f6netim Kurulu:Frank Geburek, Dipl.-Ing. (TH), Genel M\u00fcd\u00fcr Kay\u0131t mahkemesi: Braunschweig Yerel Mahkemesi Kay\u0131t numaras\u0131: HRB 6042 Sat\u0131\u015f vergisi kimlik numaras\u0131 ciro vergisi kanununun 27 a maddesine g\u00f6re: DE116880420<\/p>\n","protected":false},"author":1,"featured_media":0,"parent":0,"menu_order":0,"comment_status":"closed","ping_status":"closed","template":"","meta":{"inline_featured_image":false,"footnotes":""},"class_list":["post-5339","page","type-page","status-publish","hentry"],"_links":{"self":[{"href":"https:\/\/faqdoc.info\/tr\/wp-json\/wp\/v2\/pages\/5339","targetHints":{"allow":["GET"]}}],"collection":[{"href":"https:\/\/faqdoc.info\/tr\/wp-json\/wp\/v2\/pages"}],"about":[{"href":"https:\/\/faqdoc.info\/tr\/wp-json\/wp\/v2\/types\/page"}],"author":[{"embeddable":true,"href":"https:\/\/faqdoc.info\/tr\/wp-json\/wp\/v2\/users\/1"}],"replies":[{"embeddable":true,"href":"https:\/\/faqdoc.info\/tr\/wp-json\/wp\/v2\/comments?post=5339"}],"version-history":[{"count":2,"href":"https:\/\/faqdoc.info\/tr\/wp-json\/wp\/v2\/pages\/5339\/revisions"}],"predecessor-version":[{"id":8286,"href":"https:\/\/faqdoc.info\/tr\/wp-json\/wp\/v2\/pages\/5339\/revisions\/8286"}],"wp:attachment":[{"href":"https:\/\/faqdoc.info\/tr\/wp-json\/wp\/v2\/media?parent=5339"}],"curies":[{"name":"wp","href":"https:\/\/api.w.org\/{rel}","templated":true}]}}